{"id":343,"date":"2023-09-22T15:29:45","date_gmt":"2023-09-22T15:29:45","guid":{"rendered":"https:\/\/incumate.io\/web\/our-services\/"},"modified":"2023-10-24T16:49:17","modified_gmt":"2023-10-24T16:49:17","slug":"casos-de-exito","status":"publish","type":"page","link":"https:\/\/incumate.io\/web\/casos-de-exito\/","title":{"rendered":"Casos de \u00e9xito"},"content":{"rendered":"\t\t<div data-elementor-type=\"wp-page\" data-elementor-id=\"343\" class=\"elementor elementor-343\">\n\t\t\t\t<div class=\"elementor-element elementor-element-3e5d9c2 e-flex e-con-boxed wpr-particle-no wpr-jarallax-no wpr-parallax-no wpr-sticky-section-no e-con e-parent\" data-id=\"3e5d9c2\" data-element_type=\"container\" data-e-type=\"container\" data-settings=\"{&quot;background_background&quot;:&quot;classic&quot;}\">\n\t\t\t\t\t<div class=\"e-con-inner\">\n\t\t\t\t<div class=\"elementor-element elementor-element-e4b4b71 elementor-widget elementor-widget-heading\" data-id=\"e4b4b71\" data-element_type=\"widget\" data-e-type=\"widget\" data-widget_type=\"heading.default\">\n\t\t\t\t<div class=\"elementor-widget-container\">\n\t\t\t\t\t<h2 class=\"elementor-heading-title elementor-size-default\">Casos de  \u00e9xito<\/h2>\t\t\t\t<\/div>\n\t\t\t\t<\/div>\n\t\t\t\t\t<\/div>\n\t\t\t\t<\/div>\n\t\t<div class=\"elementor-element elementor-element-7d51ba9 e-flex e-con-boxed wpr-particle-no wpr-jarallax-no wpr-parallax-no wpr-sticky-section-no e-con e-parent\" data-id=\"7d51ba9\" data-element_type=\"container\" data-e-type=\"container\">\n\t\t\t\t\t<div class=\"e-con-inner\">\n\t\t\t\t<div class=\"elementor-element elementor-element-ed9f8e3 elementor-widget elementor-widget-spacer\" data-id=\"ed9f8e3\" data-element_type=\"widget\" data-e-type=\"widget\" data-widget_type=\"spacer.default\">\n\t\t\t\t<div class=\"elementor-widget-container\">\n\t\t\t\t\t\t\t<div class=\"elementor-spacer\">\n\t\t\t<div class=\"elementor-spacer-inner\"><\/div>\n\t\t<\/div>\n\t\t\t\t\t\t<\/div>\n\t\t\t\t<\/div>\n\t\t\t\t\t<\/div>\n\t\t\t\t<\/div>\n\t\t\t\t<section class=\"elementor-section elementor-top-section elementor-element elementor-element-299de4f elementor-section-boxed elementor-section-height-default elementor-section-height-default wpr-particle-no wpr-jarallax-no wpr-parallax-no wpr-sticky-section-no\" data-id=\"299de4f\" data-element_type=\"section\" data-e-type=\"section\">\n\t\t\t\t\t\t<div class=\"elementor-container elementor-column-gap-default\">\n\t\t\t\t\t<div class=\"elementor-column elementor-col-100 elementor-top-column elementor-element elementor-element-fb2eeb4\" data-id=\"fb2eeb4\" data-element_type=\"column\" data-e-type=\"column\">\n\t\t\t<div class=\"elementor-widget-wrap elementor-element-populated\">\n\t\t\t\t\t\t<section class=\"elementor-section elementor-inner-section elementor-element elementor-element-fee1f17 elementor-section-boxed elementor-section-height-default elementor-section-height-default wpr-particle-no wpr-jarallax-no wpr-parallax-no wpr-sticky-section-no\" data-id=\"fee1f17\" data-element_type=\"section\" data-e-type=\"section\">\n\t\t\t\t\t\t<div class=\"elementor-container elementor-column-gap-default\">\n\t\t\t\t\t<div class=\"elementor-column elementor-col-50 elementor-inner-column elementor-element elementor-element-0d2d8a8\" data-id=\"0d2d8a8\" data-element_type=\"column\" data-e-type=\"column\">\n\t\t\t<div class=\"elementor-widget-wrap elementor-element-populated\">\n\t\t\t\t\t\t<div class=\"elementor-element elementor-element-1dc6da2 elementor-widget elementor-widget-image\" data-id=\"1dc6da2\" data-element_type=\"widget\" data-e-type=\"widget\" data-widget_type=\"image.default\">\n\t\t\t\t<div class=\"elementor-widget-container\">\n\t\t\t\t\t\t\t\t\t\t\t\t\t\t\t<img fetchpriority=\"high\" decoding=\"async\" width=\"295\" height=\"282\" src=\"https:\/\/incumate.io\/web\/wp-content\/uploads\/2023\/10\/s1.png\" class=\"attachment-large size-large wp-image-531\" alt=\"\" \/>\t\t\t\t\t\t\t\t\t\t\t\t\t\t\t<\/div>\n\t\t\t\t<\/div>\n\t\t\t\t<div class=\"elementor-element elementor-element-748b03b elementor-widget__width-initial elementor-widget elementor-widget-heading\" data-id=\"748b03b\" data-element_type=\"widget\" data-e-type=\"widget\" data-widget_type=\"heading.default\">\n\t\t\t\t<div class=\"elementor-widget-container\">\n\t\t\t\t\t<h2 class=\"elementor-heading-title elementor-size-default\">Automatizaci\u00f3n del procesamiento de cobranzas f\u00edsicas.<br><\/h2>\t\t\t\t<\/div>\n\t\t\t\t<\/div>\n\t\t<div class=\"elementor-element elementor-element-d5f46bb e-flex e-con-boxed wpr-particle-no wpr-jarallax-no wpr-parallax-no wpr-sticky-section-no e-con e-parent\" data-id=\"d5f46bb\" data-element_type=\"container\" data-e-type=\"container\">\n\t\t\t\t\t<div class=\"e-con-inner\">\n\t\t\t\t<div class=\"elementor-element elementor-element-5b7649d elementor-align-center elementor-widget elementor-widget-button\" data-id=\"5b7649d\" data-element_type=\"widget\" data-e-type=\"widget\" data-settings=\"{&quot;_animation&quot;:&quot;none&quot;}\" data-widget_type=\"button.default\">\n\t\t\t\t<div class=\"elementor-widget-container\">\n\t\t\t\t\t\t\t\t\t<div class=\"elementor-button-wrapper\">\n\t\t\t\t\t<a class=\"elementor-button elementor-button-link elementor-size-md\" href=\"https:\/\/incumate.io\/web\/caso-automatizacion\/\">\n\t\t\t\t\t\t<span class=\"elementor-button-content-wrapper\">\n\t\t\t\t\t\t\t\t\t<span class=\"elementor-button-text\">VER MAS<\/span>\n\t\t\t\t\t<\/span>\n\t\t\t\t\t<\/a>\n\t\t\t\t<\/div>\n\t\t\t\t\t\t\t\t<\/div>\n\t\t\t\t<\/div>\n\t\t\t\t\t<\/div>\n\t\t\t\t<\/div>\n\t\t\t\t\t<\/div>\n\t\t<\/div>\n\t\t\t\t<div class=\"elementor-column elementor-col-50 elementor-inner-column elementor-element elementor-element-876ba7a\" data-id=\"876ba7a\" data-element_type=\"column\" data-e-type=\"column\">\n\t\t\t<div class=\"elementor-widget-wrap elementor-element-populated\">\n\t\t\t\t\t\t<div class=\"elementor-element elementor-element-48070d2 elementor-widget elementor-widget-image\" data-id=\"48070d2\" data-element_type=\"widget\" data-e-type=\"widget\" data-widget_type=\"image.default\">\n\t\t\t\t<div class=\"elementor-widget-container\">\n\t\t\t\t\t\t\t\t\t\t\t\t\t\t\t<img decoding=\"async\" width=\"295\" height=\"282\" src=\"https:\/\/incumate.io\/web\/wp-content\/uploads\/2023\/10\/s2.png\" class=\"attachment-large size-large wp-image-532\" alt=\"\" \/>\t\t\t\t\t\t\t\t\t\t\t\t\t\t\t<\/div>\n\t\t\t\t<\/div>\n\t\t\t\t<div class=\"elementor-element elementor-element-f261dab elementor-widget__width-initial elementor-widget elementor-widget-heading\" data-id=\"f261dab\" data-element_type=\"widget\" data-e-type=\"widget\" data-widget_type=\"heading.default\">\n\t\t\t\t<div class=\"elementor-widget-container\">\n\t\t\t\t\t<h2 class=\"elementor-heading-title elementor-size-default\">Facilitar el pedido de pr\u00f3tesis odontol\u00f3gicas.<br><\/h2>\t\t\t\t<\/div>\n\t\t\t\t<\/div>\n\t\t<div class=\"elementor-element elementor-element-c1adac3 e-flex e-con-boxed wpr-particle-no wpr-jarallax-no wpr-parallax-no wpr-sticky-section-no e-con e-parent\" data-id=\"c1adac3\" data-element_type=\"container\" data-e-type=\"container\">\n\t\t\t\t\t<div class=\"e-con-inner\">\n\t\t\t\t<div class=\"elementor-element elementor-element-6e2bea6 elementor-align-center elementor-widget elementor-widget-button\" data-id=\"6e2bea6\" data-element_type=\"widget\" data-e-type=\"widget\" data-settings=\"{&quot;_animation&quot;:&quot;none&quot;}\" data-widget_type=\"button.default\">\n\t\t\t\t<div class=\"elementor-widget-container\">\n\t\t\t\t\t\t\t\t\t<div class=\"elementor-button-wrapper\">\n\t\t\t\t\t<a class=\"elementor-button elementor-button-link elementor-size-md\" href=\"https:\/\/incumate.io\/web\/caso-protesis\/\">\n\t\t\t\t\t\t<span class=\"elementor-button-content-wrapper\">\n\t\t\t\t\t\t\t\t\t<span class=\"elementor-button-text\">VER MAS<\/span>\n\t\t\t\t\t<\/span>\n\t\t\t\t\t<\/a>\n\t\t\t\t<\/div>\n\t\t\t\t\t\t\t\t<\/div>\n\t\t\t\t<\/div>\n\t\t\t\t\t<\/div>\n\t\t\t\t<\/div>\n\t\t\t\t\t<\/div>\n\t\t<\/div>\n\t\t\t\t\t<\/div>\n\t\t<\/section>\n\t\t\t\t\t<\/div>\n\t\t<\/div>\n\t\t\t\t\t<\/div>\n\t\t<\/section>\n\t\t\t\t<section class=\"elementor-section elementor-top-section elementor-element elementor-element-c20c5eb elementor-section-boxed elementor-section-height-default elementor-section-height-default wpr-particle-no wpr-jarallax-no wpr-parallax-no wpr-sticky-section-no\" data-id=\"c20c5eb\" data-element_type=\"section\" data-e-type=\"section\" data-settings=\"{&quot;background_background&quot;:&quot;classic&quot;}\">\n\t\t\t\t\t\t\t<div class=\"elementor-background-overlay\"><\/div>\n\t\t\t\t\t\t\t<div class=\"elementor-container elementor-column-gap-default\">\n\t\t\t\t\t<div class=\"elementor-column elementor-col-50 elementor-top-column elementor-element elementor-element-f7677ff\" data-id=\"f7677ff\" data-element_type=\"column\" data-e-type=\"column\">\n\t\t\t<div class=\"elementor-widget-wrap elementor-element-populated\">\n\t\t\t\t\t\t<div class=\"elementor-element elementor-element-8e59673 wpr-logo-position-left elementor-widget elementor-widget-wpr-logo\" data-id=\"8e59673\" data-element_type=\"widget\" data-e-type=\"widget\" data-widget_type=\"wpr-logo.default\">\n\t\t\t\t<div class=\"elementor-widget-container\">\n\t\t\t\t\t\t\t\t\n\t\t\t<div class=\"wpr-logo elementor-clearfix\">\n\n\t\t\t\t\t\t\t\t<picture class=\"wpr-logo-image\">\n\t\t\t\t\t\n\t\t\t\t\t\t\t\t\t\t<source srcset=\"https:\/\/incumate.io\/web\/wp-content\/uploads\/2023\/10\/logo.png 1x, https:\/\/incumate.io\/web\/wp-content\/uploads\/2023\/10\/logo.png 2x\">\t\n\t\t\t\t\t\t\t\t\t\t\n\t\t\t\t\t<img decoding=\"async\" src=\"https:\/\/incumate.io\/web\/wp-content\/uploads\/2023\/10\/logo.png\" alt=\"\">\n\n\t\t\t\t\t\t\t\t\t\t\t<a class=\"wpr-logo-url\" rel=\"home\" aria-label=\"\" href=\"https:\/\/incumate.io\/web\/\"><\/a>\n\t\t\t\t\t\t\t\t\t<\/picture>\n\t\t\t\t\n\t\t\t\t\n\t\t\t\t\t\t\t\t\t<a class=\"wpr-logo-url\" rel=\"home\" aria-label=\"\" href=\"https:\/\/incumate.io\/web\/\"><\/a>\n\t\t\t\t\n\t\t\t<\/div>\n\t\t\t\t\n\t\t\t\t\t\t<\/div>\n\t\t\t\t<\/div>\n\t\t\t\t\t<\/div>\n\t\t<\/div>\n\t\t\t\t<div class=\"elementor-column elementor-col-50 elementor-top-column elementor-element elementor-element-a02c0d4\" data-id=\"a02c0d4\" data-element_type=\"column\" data-e-type=\"column\">\n\t\t\t<div class=\"elementor-widget-wrap elementor-element-populated\">\n\t\t\t\t\t\t<div class=\"elementor-element elementor-element-b503934 e-grid-align-right e-grid-align-mobile-left elementor-shape-rounded elementor-grid-0 elementor-widget elementor-widget-social-icons\" data-id=\"b503934\" data-element_type=\"widget\" data-e-type=\"widget\" data-widget_type=\"social-icons.default\">\n\t\t\t\t<div class=\"elementor-widget-container\">\n\t\t\t\t\t\t\t<div class=\"elementor-social-icons-wrapper elementor-grid\" role=\"list\">\n\t\t\t\t\t\t\t<span class=\"elementor-grid-item\" role=\"listitem\">\n\t\t\t\t\t<a class=\"elementor-icon elementor-social-icon elementor-social-icon-instagram elementor-repeater-item-a69b226\" href=\"https:\/\/www.instagram.com\/incumate.ar\/\" target=\"_blank\">\n\t\t\t\t\t\t<span class=\"elementor-screen-only\">Instagram<\/span>\n\t\t\t\t\t\t<i aria-hidden=\"true\" class=\"fab fa-instagram\"><\/i>\t\t\t\t\t<\/a>\n\t\t\t\t<\/span>\n\t\t\t\t\t\t\t<span class=\"elementor-grid-item\" role=\"listitem\">\n\t\t\t\t\t<a class=\"elementor-icon elementor-social-icon elementor-social-icon-linkedin elementor-repeater-item-36f8cf9\" href=\"https:\/\/www.linkedin.com\/company\/incumate-tools\/\" target=\"_blank\">\n\t\t\t\t\t\t<span class=\"elementor-screen-only\">Linkedin<\/span>\n\t\t\t\t\t\t<i aria-hidden=\"true\" class=\"fab fa-linkedin\"><\/i>\t\t\t\t\t<\/a>\n\t\t\t\t<\/span>\n\t\t\t\t\t<\/div>\n\t\t\t\t\t\t<\/div>\n\t\t\t\t<\/div>\n\t\t\t\t\t<\/div>\n\t\t<\/div>\n\t\t\t\t\t<\/div>\n\t\t<\/section>\n\t\t\t\t<section class=\"elementor-section elementor-top-section elementor-element elementor-element-9dacedd elementor-section-boxed elementor-section-height-default elementor-section-height-default wpr-particle-no wpr-jarallax-no wpr-parallax-no wpr-sticky-section-no\" data-id=\"9dacedd\" data-element_type=\"section\" data-e-type=\"section\" data-settings=\"{&quot;background_background&quot;:&quot;classic&quot;}\">\n\t\t\t\t\t\t\t<div class=\"elementor-background-overlay\"><\/div>\n\t\t\t\t\t\t\t<div class=\"elementor-container elementor-column-gap-wide\">\n\t\t\t\t\t<div class=\"elementor-column elementor-col-100 elementor-top-column elementor-element elementor-element-7494317\" data-id=\"7494317\" data-element_type=\"column\" data-e-type=\"column\">\n\t\t\t<div class=\"elementor-widget-wrap elementor-element-populated\">\n\t\t\t\t\t\t<div class=\"elementor-element elementor-element-e484c65 elementor-widget elementor-widget-heading\" data-id=\"e484c65\" data-element_type=\"widget\" data-e-type=\"widget\" data-widget_type=\"heading.default\">\n\t\t\t\t<div class=\"elementor-widget-container\">\n\t\t\t\t\t<h2 class=\"elementor-heading-title elementor-size-default\">Contactanos!<\/h2>\t\t\t\t<\/div>\n\t\t\t\t<\/div>\n\t\t\t\t<div class=\"elementor-element elementor-element-5858028 elementor-icon-list--layout-traditional elementor-list-item-link-full_width elementor-widget elementor-widget-icon-list\" data-id=\"5858028\" data-element_type=\"widget\" data-e-type=\"widget\" data-widget_type=\"icon-list.default\">\n\t\t\t\t<div class=\"elementor-widget-container\">\n\t\t\t\t\t\t\t<ul class=\"elementor-icon-list-items\">\n\t\t\t\t\t\t\t<li class=\"elementor-icon-list-item\">\n\t\t\t\t\t\t\t\t\t\t\t<span class=\"elementor-icon-list-icon\">\n\t\t\t\t\t\t\t<i aria-hidden=\"true\" class=\"fas fa-phone-alt\"><\/i>\t\t\t\t\t\t<\/span>\n\t\t\t\t\t\t\t\t\t\t<span class=\"elementor-icon-list-text\">+54 9 11 5161-8622<\/span>\n\t\t\t\t\t\t\t\t\t<\/li>\n\t\t\t\t\t\t\t\t<li class=\"elementor-icon-list-item\">\n\t\t\t\t\t\t\t\t\t\t\t<span class=\"elementor-icon-list-icon\">\n\t\t\t\t\t\t\t<i aria-hidden=\"true\" class=\"fas fa-envelope\"><\/i>\t\t\t\t\t\t<\/span>\n\t\t\t\t\t\t\t\t\t\t<span class=\"elementor-icon-list-text\">info@incumate.io<\/span>\n\t\t\t\t\t\t\t\t\t<\/li>\n\t\t\t\t\t\t\t\t<li class=\"elementor-icon-list-item\">\n\t\t\t\t\t\t\t\t\t\t\t<span class=\"elementor-icon-list-icon\">\n\t\t\t\t\t\t\t<i aria-hidden=\"true\" class=\"fas fa-map-marker-alt\"><\/i>\t\t\t\t\t\t<\/span>\n\t\t\t\t\t\t\t\t\t\t<span class=\"elementor-icon-list-text\">Armando Jaramillo 1213, Depto 204 Vitacura, Regi\u00f3n Metropolitana de Santiago<\/span>\n\t\t\t\t\t\t\t\t\t<\/li>\n\t\t\t\t\t\t<\/ul>\n\t\t\t\t\t\t<\/div>\n\t\t\t\t<\/div>\n\t\t\t\t\t<\/div>\n\t\t<\/div>\n\t\t\t\t\t<\/div>\n\t\t<\/section>\n\t\t\t\t<\/div>\n\t\t","protected":false},"excerpt":{"rendered":"<p>Casos de \u00e9xito Automatizaci\u00f3n del procesamiento de cobranzas f\u00edsicas. VER MAS Facilitar el pedido de pr\u00f3tesis odontol\u00f3gicas. VER MAS Instagram Linkedin Contactanos! +54 9 11 5161-8622 info@incumate.io Armando Jaramillo 1213, Depto 204 Vitacura, Regi\u00f3n Metropolitana de Santiago<\/p>\n","protected":false},"author":3,"featured_media":354,"parent":0,"menu_order":0,"comment_status":"closed","ping_status":"closed","template":"elementor_header_footer","meta":{"inline_featured_image":false,"footnotes":""},"class_list":["post-343","page","type-page","status-publish","has-post-thumbnail","hentry"],"yoast_head":"<!-- This site is optimized with the Yoast SEO Premium plugin v20.1 (Yoast SEO v27.1.1) - https:\/\/yoast.com\/product\/yoast-seo-premium-wordpress\/ -->\n<title>Casos de \u00e9xito - INcumate<\/title>\n<meta name=\"robots\" content=\"index, follow, max-snippet:-1, max-image-preview:large, max-video-preview:-1\" \/>\n<link rel=\"canonical\" href=\"https:\/\/incumate.io\/web\/casos-de-exito\/\" \/>\n<meta property=\"og:locale\" content=\"es_ES\" \/>\n<meta property=\"og:type\" content=\"article\" \/>\n<meta property=\"og:title\" content=\"Casos de \u00e9xito\" \/>\n<meta property=\"og:description\" content=\"Casos de \u00e9xito Automatizaci\u00f3n del procesamiento de cobranzas f\u00edsicas. VER MAS Facilitar el pedido de pr\u00f3tesis odontol\u00f3gicas. VER MAS Instagram Linkedin Contactanos! +54 9 11 5161-8622 info@incumate.io Armando Jaramillo 1213, Depto 204 Vitacura, Regi\u00f3n Metropolitana de Santiago\" \/>\n<meta property=\"og:url\" content=\"https:\/\/incumate.io\/web\/casos-de-exito\/\" \/>\n<meta property=\"og:site_name\" content=\"INcumate\" \/>\n<meta property=\"article:publisher\" content=\"https:\/\/www.facebook.com\/incumate.ar\/\" \/>\n<meta property=\"article:modified_time\" content=\"2023-10-24T16:49:17+00:00\" \/>\n<meta property=\"og:image\" content=\"https:\/\/incumate.io\/web\/wp-content\/uploads\/2023\/09\/Our-Servoces-400_380.jpg\" \/>\n\t<meta property=\"og:image:width\" content=\"400\" \/>\n\t<meta property=\"og:image:height\" content=\"380\" \/>\n\t<meta property=\"og:image:type\" content=\"image\/jpeg\" \/>\n<meta name=\"twitter:card\" content=\"summary_large_image\" \/>\n<script type=\"application\/ld+json\" class=\"yoast-schema-graph\">{\"@context\":\"https:\/\/schema.org\",\"@graph\":[{\"@type\":\"WebPage\",\"@id\":\"https:\/\/incumate.io\/web\/casos-de-exito\/\",\"url\":\"https:\/\/incumate.io\/web\/casos-de-exito\/\",\"name\":\"Casos de \u00e9xito - INcumate\",\"isPartOf\":{\"@id\":\"https:\/\/incumate.io\/web\/#website\"},\"primaryImageOfPage\":{\"@id\":\"https:\/\/incumate.io\/web\/casos-de-exito\/#primaryimage\"},\"image\":{\"@id\":\"https:\/\/incumate.io\/web\/casos-de-exito\/#primaryimage\"},\"thumbnailUrl\":\"https:\/\/incumate.io\/web\/wp-content\/uploads\/2023\/09\/Our-Servoces-400_380.jpg\",\"datePublished\":\"2023-09-22T15:29:45+00:00\",\"dateModified\":\"2023-10-24T16:49:17+00:00\",\"breadcrumb\":{\"@id\":\"https:\/\/incumate.io\/web\/casos-de-exito\/#breadcrumb\"},\"inLanguage\":\"es\",\"potentialAction\":[{\"@type\":\"ReadAction\",\"target\":[\"https:\/\/incumate.io\/web\/casos-de-exito\/\"]}]},{\"@type\":\"ImageObject\",\"inLanguage\":\"es\",\"@id\":\"https:\/\/incumate.io\/web\/casos-de-exito\/#primaryimage\",\"url\":\"https:\/\/incumate.io\/web\/wp-content\/uploads\/2023\/09\/Our-Servoces-400_380.jpg\",\"contentUrl\":\"https:\/\/incumate.io\/web\/wp-content\/uploads\/2023\/09\/Our-Servoces-400_380.jpg\",\"width\":400,\"height\":380},{\"@type\":\"BreadcrumbList\",\"@id\":\"https:\/\/incumate.io\/web\/casos-de-exito\/#breadcrumb\",\"itemListElement\":[{\"@type\":\"ListItem\",\"position\":1,\"name\":\"Home\",\"item\":\"https:\/\/incumate.io\/web\/\"},{\"@type\":\"ListItem\",\"position\":2,\"name\":\"Casos de \u00e9xito\"}]},{\"@type\":\"WebSite\",\"@id\":\"https:\/\/incumate.io\/web\/#website\",\"url\":\"https:\/\/incumate.io\/web\/\",\"name\":\"INcumate\",\"description\":\"Servicios de tecnolog\u00eda\",\"publisher\":{\"@id\":\"https:\/\/incumate.io\/web\/#organization\"},\"alternateName\":\"Transformando ideas en soluciones digitales, juntos\",\"potentialAction\":[{\"@type\":\"SearchAction\",\"target\":{\"@type\":\"EntryPoint\",\"urlTemplate\":\"https:\/\/incumate.io\/web\/?s={search_term_string}\"},\"query-input\":{\"@type\":\"PropertyValueSpecification\",\"valueRequired\":true,\"valueName\":\"search_term_string\"}}],\"inLanguage\":\"es\"},{\"@type\":\"Organization\",\"@id\":\"https:\/\/incumate.io\/web\/#organization\",\"name\":\"Incumate\",\"alternateName\":\"Incumate Servicios de tecnolog\u00eda\",\"url\":\"https:\/\/incumate.io\/web\/\",\"logo\":{\"@type\":\"ImageObject\",\"inLanguage\":\"es\",\"@id\":\"https:\/\/incumate.io\/web\/#\/schema\/logo\/image\/\",\"url\":\"https:\/\/incumate.io\/web\/wp-content\/uploads\/2023\/07\/Isologo-INcumate-logo-solo.png\",\"contentUrl\":\"https:\/\/incumate.io\/web\/wp-content\/uploads\/2023\/07\/Isologo-INcumate-logo-solo.png\",\"width\":644,\"height\":309,\"caption\":\"Incumate\"},\"image\":{\"@id\":\"https:\/\/incumate.io\/web\/#\/schema\/logo\/image\/\"},\"sameAs\":[\"https:\/\/www.facebook.com\/incumate.ar\/\",\"https:\/\/ar.linkedin.com\/company\/incumate-tools\"]}]}<\/script>\n<!-- \/ Yoast SEO Premium plugin. -->","yoast_head_json":{"title":"Casos de \u00e9xito - INcumate","robots":{"index":"index","follow":"follow","max-snippet":"max-snippet:-1","max-image-preview":"max-image-preview:large","max-video-preview":"max-video-preview:-1"},"canonical":"https:\/\/incumate.io\/web\/casos-de-exito\/","og_locale":"es_ES","og_type":"article","og_title":"Casos de \u00e9xito","og_description":"Casos de \u00e9xito Automatizaci\u00f3n del procesamiento de cobranzas f\u00edsicas. VER MAS Facilitar el pedido de pr\u00f3tesis odontol\u00f3gicas. VER MAS Instagram Linkedin Contactanos! +54 9 11 5161-8622 info@incumate.io Armando Jaramillo 1213, Depto 204 Vitacura, Regi\u00f3n Metropolitana de Santiago","og_url":"https:\/\/incumate.io\/web\/casos-de-exito\/","og_site_name":"INcumate","article_publisher":"https:\/\/www.facebook.com\/incumate.ar\/","article_modified_time":"2023-10-24T16:49:17+00:00","og_image":[{"width":400,"height":380,"url":"https:\/\/incumate.io\/web\/wp-content\/uploads\/2023\/09\/Our-Servoces-400_380.jpg","type":"image\/jpeg"}],"twitter_card":"summary_large_image","schema":{"@context":"https:\/\/schema.org","@graph":[{"@type":"WebPage","@id":"https:\/\/incumate.io\/web\/casos-de-exito\/","url":"https:\/\/incumate.io\/web\/casos-de-exito\/","name":"Casos de \u00e9xito - INcumate","isPartOf":{"@id":"https:\/\/incumate.io\/web\/#website"},"primaryImageOfPage":{"@id":"https:\/\/incumate.io\/web\/casos-de-exito\/#primaryimage"},"image":{"@id":"https:\/\/incumate.io\/web\/casos-de-exito\/#primaryimage"},"thumbnailUrl":"https:\/\/incumate.io\/web\/wp-content\/uploads\/2023\/09\/Our-Servoces-400_380.jpg","datePublished":"2023-09-22T15:29:45+00:00","dateModified":"2023-10-24T16:49:17+00:00","breadcrumb":{"@id":"https:\/\/incumate.io\/web\/casos-de-exito\/#breadcrumb"},"inLanguage":"es","potentialAction":[{"@type":"ReadAction","target":["https:\/\/incumate.io\/web\/casos-de-exito\/"]}]},{"@type":"ImageObject","inLanguage":"es","@id":"https:\/\/incumate.io\/web\/casos-de-exito\/#primaryimage","url":"https:\/\/incumate.io\/web\/wp-content\/uploads\/2023\/09\/Our-Servoces-400_380.jpg","contentUrl":"https:\/\/incumate.io\/web\/wp-content\/uploads\/2023\/09\/Our-Servoces-400_380.jpg","width":400,"height":380},{"@type":"BreadcrumbList","@id":"https:\/\/incumate.io\/web\/casos-de-exito\/#breadcrumb","itemListElement":[{"@type":"ListItem","position":1,"name":"Home","item":"https:\/\/incumate.io\/web\/"},{"@type":"ListItem","position":2,"name":"Casos de \u00e9xito"}]},{"@type":"WebSite","@id":"https:\/\/incumate.io\/web\/#website","url":"https:\/\/incumate.io\/web\/","name":"INcumate","description":"Servicios de tecnolog\u00eda","publisher":{"@id":"https:\/\/incumate.io\/web\/#organization"},"alternateName":"Transformando ideas en soluciones digitales, juntos","potentialAction":[{"@type":"SearchAction","target":{"@type":"EntryPoint","urlTemplate":"https:\/\/incumate.io\/web\/?s={search_term_string}"},"query-input":{"@type":"PropertyValueSpecification","valueRequired":true,"valueName":"search_term_string"}}],"inLanguage":"es"},{"@type":"Organization","@id":"https:\/\/incumate.io\/web\/#organization","name":"Incumate","alternateName":"Incumate Servicios de tecnolog\u00eda","url":"https:\/\/incumate.io\/web\/","logo":{"@type":"ImageObject","inLanguage":"es","@id":"https:\/\/incumate.io\/web\/#\/schema\/logo\/image\/","url":"https:\/\/incumate.io\/web\/wp-content\/uploads\/2023\/07\/Isologo-INcumate-logo-solo.png","contentUrl":"https:\/\/incumate.io\/web\/wp-content\/uploads\/2023\/07\/Isologo-INcumate-logo-solo.png","width":644,"height":309,"caption":"Incumate"},"image":{"@id":"https:\/\/incumate.io\/web\/#\/schema\/logo\/image\/"},"sameAs":["https:\/\/www.facebook.com\/incumate.ar\/","https:\/\/ar.linkedin.com\/company\/incumate-tools"]}]}},"_links":{"self":[{"href":"https:\/\/incumate.io\/web\/wp-json\/wp\/v2\/pages\/343","targetHints":{"allow":["GET"]}}],"collection":[{"href":"https:\/\/incumate.io\/web\/wp-json\/wp\/v2\/pages"}],"about":[{"href":"https:\/\/incumate.io\/web\/wp-json\/wp\/v2\/types\/page"}],"author":[{"embeddable":true,"href":"https:\/\/incumate.io\/web\/wp-json\/wp\/v2\/users\/3"}],"replies":[{"embeddable":true,"href":"https:\/\/incumate.io\/web\/wp-json\/wp\/v2\/comments?post=343"}],"version-history":[{"count":44,"href":"https:\/\/incumate.io\/web\/wp-json\/wp\/v2\/pages\/343\/revisions"}],"predecessor-version":[{"id":1037,"href":"https:\/\/incumate.io\/web\/wp-json\/wp\/v2\/pages\/343\/revisions\/1037"}],"wp:featuredmedia":[{"embeddable":true,"href":"https:\/\/incumate.io\/web\/wp-json\/wp\/v2\/media\/354"}],"wp:attachment":[{"href":"https:\/\/incumate.io\/web\/wp-json\/wp\/v2\/media?parent=343"}],"curies":[{"name":"wp","href":"https:\/\/api.w.org\/{rel}","templated":true}]}}